{"id":1368,"date":"2023-07-26T14:52:15","date_gmt":"2023-07-26T14:52:15","guid":{"rendered":"https:\/\/bioquim.net\/politica-de-cookies\/"},"modified":"2023-12-12T13:11:21","modified_gmt":"2023-12-12T13:11:21","slug":"politica-de-cookies","status":"publish","type":"page","link":"https:\/\/bioquim.net\/es\/politica-de-cookies\/","title":{"rendered":"Pol\u00edtica de cookies"},"content":{"rendered":"\n<p>DEFINICI\u00d3N DE COOKIES<\/p>\n\n<p>Las cookies son identificadores que enviamos al disco duro de su ordenador a trav\u00e9s de su navegador Web con el fin de que nuestros sistemas puedan reconocer su navegador y ofrecerle ciertos servicios.<\/p>\n\n<p>Esta p\u00e1gina utiliza diferentes tipos de cookies. Algunas cookies son colocadas por servicios de terceros que aparecen en nuestras p\u00e1ginas.<\/p>\n\n<p>A continuaci\u00f3n, indicamos las cookies que utiliza la p\u00e1gina Nombre<\/p>\n\n<p>COOKIES UTILIZADAS<\/p>\n\n<p>Cookies necesarias<\/p>\n\n<p>Las cookies necesarias ayudan a hacer una p\u00e1gina web utilizable activando funciones b\u00e1sicas como la navegaci\u00f3n en la p\u00e1gina y el acceso a \u00e1reas seguras de la p\u00e1gina web. La p\u00e1gina web no puede funcionar adecuadamente sin estas cookies.<\/p>\n\n<p>Nombre Proveedor Prop\u00f3sito Caducidad<\/p>\n\n<p>1P_JAR Google.es Transferencias de datos a Google. 1 semana<\/p>\n\n<p>Cookies de preferencias<\/p>\n\n<p>Las cookies de preferencias permiten a la p\u00e1gina web recordar informaci\u00f3n que cambia la forma en que la p\u00e1gina se comporta o el aspecto que tiene, como su idioma preferido o la regi\u00f3n en la que usted se encuentra.<\/p>\n\n<p>Nombre Proveedor Prop\u00f3sito Caducidad<\/p>\n\n<p>NID Google.com La cookie NID contiene un ID \u00fanico que Google utiliza para recordar tus preferencias y otra informaci\u00f3n, como tu idioma preferido (por ejemplo, el espa\u00f1ol) Permanente<\/p>\n\n<p>Cookies estad\u00edsticas<\/p>\n\n<p>Las cookies estad\u00edsticas ayudan a los propietarios de p\u00e1ginas web a comprender c\u00f3mo interact\u00faan los visitantes con las p\u00e1ginas web reuniendo y proporcionando informaci\u00f3n de forma an\u00f3nima.<\/p>\n\n<p>Para deshabilitar las cookies de Google Analytics, puede instalar el Complemento de inhabilitaci\u00f3n para navegadores de Google Analytics que le permitir\u00e1 no mandar informaci\u00f3n estad\u00edstica. Lo tiene disponible en el siguiente enlace: https:\/\/tools.google.com\/dlpage\/gaoptout?hl=es<\/p>\n\n<p>Nombre Proveedor Prop\u00f3sito Caducidad<\/p>\n\n<p>Google Analytics Registra una identificaci\u00f3n \u00fanica que se utiliza para generar datos estad\u00edsticos acerca de c\u00f3mo utiliza el visitante el sitio web 2 a\u00f1os<\/p>\n\n<p>SIDCC Google Analytics Sirve para proveer servicios y extraer informaci\u00f3n an\u00f3nima sobre la navegaci\u00f3n. 2 a\u00f1os<\/p>\n\n<p>SSID Google Maps Para el recuento, por parte de Google, del n\u00famero de usuario que utilizan los mapas. 6 meses<\/p>\n\n<p>HSID Google Maps Para el recuento, por parte de Google, del n\u00famero de usuario que utilizan los mapas. 6 meses<\/p>\n\n<p>SID Google Maps Son utilizados por Google para almacenar las preferencias del usuario y la informaci\u00f3n durante la visualizaci\u00f3n de las p\u00e1ginas con los mapas de Google en ellos. 2 a\u00f1os<\/p>\n\n<p>APISID Google Maps Son utilizadas por Google para almacenar las preferencias del usuario y la informaci\u00f3n durante la visualizaci\u00f3n de las p\u00e1ginas con los mapas de Google en ellos. 2 a\u00f1os<\/p>\n\n<p>SAPISIC Google Maps Son utilizadas por Google para almacenar las preferencias del usuario y la informaci\u00f3n durante la visualizaci\u00f3n de las p\u00e1ginas con los mapas de Google en ellos. 2 a\u00f1os<\/p>\n\n<p>Cookies de marketing<\/p>\n\n<p>Las cookies de marketing se utilizan para rastrear a los visitantes en las p\u00e1ginas web. La intenci\u00f3n es mostrar anuncios relevantes y atractivos para el usuario individual, y por lo tanto, m\u00e1s valiosos para los editores y terceros anunciantes.<\/p>\n\n<p>Nombre Proveedor Prop\u00f3sito Caducidad<\/p>\n\n<p>CONSENTIMIENTO Google.com Mejora la publicidad, suele utilizarse para orientarse al usuario Permanente<\/p>\n\n<p>_Secure-3PAPISID google.com Publicitaria. Estas cookies se utilizan para entregar anuncios m\u00e1s relevantes para usted y sus intereses 2 a\u00f1os<\/p>\n\n<p>_Secure-3PSID Google.com Publicitaria. Estas cookies se utilizan para entregar anuncios m\u00e1s relevantes para usted y sus intereses 2 a\u00f1os<\/p>\n\n<p>_Secure-APISID Google.com Publicitaria. Estas cookies se utilizan para entregar anuncios m\u00e1s relevantes para usted y sus intereses 2 a\u00f1os<\/p>\n\n<p>_Secure-HSID Google.com Publicitaria. Estas cookies se utilizan para entregar anuncios m\u00e1s relevantes para usted y sus intereses 2 a\u00f1os<\/p>\n\n<p>_Secure-SSID Google.com Publicitaria. Estas cookies se utilizan para entregar anuncios m\u00e1s relevantes para usted y sus intereses 2 a\u00f1os<\/p>\n\n<p>PREF Youtube.com Es una cookie que almacena las preferencias de visualizaci\u00f3n y de b\u00fasqueda de los videos de YouTube: idioma preferido, filtro safe-search, etc. 2 a\u00f1os<\/p>\n\n<p>VISITOR_INFO1_LIVE Youtube.com Intenta calcular el ancho de banda del usuario en p\u00e1ginas con v\u00eddeos de YouTube integrados. 179 d\u00edas<\/p>\n\n<p>YSC Youtube.com Registra una identificaci\u00f3n \u00fanica para mantener estad\u00edsticas de qu\u00e9 v\u00eddeos de YouTube ha visto el usuario. Sesi\u00f3n LOGING_INFO Youtube.com Perteneciente a Youtube.com se carga en los v\u00eddeos de las webs. 2 a\u00f1os<\/p>\n\n<p>C\u00f3mo habilitar\/deshabilitar las Cookies en los principales navegadores:<\/p>\n\n<p>Normalmente es posible dejar de aceptar las Cookies del navegador, o dejar de aceptar las Cookies de un Servicio en particular.<\/p>\n\n<p>Todos los navegadores modernos permiten cambiar la configuraci\u00f3n de Cookies. Estos ajustes normalmente se encuentran en las &#8216;opciones&#8217; o &#8216;Preferencias&#8217; del men\u00fa de su navegador. Asimismo, puede configurar su navegador o su gestor de correo electr\u00f3nico.<\/p>\n\n<p>A continuaci\u00f3n se ofrece orientaci\u00f3n al Usuario sobre los pasos para acceder al men\u00fa de configuraci\u00f3n de las cookies y, en su caso, de la navegaci\u00f3n privada en cada uno de los navegadores principales:<\/p>\n\n<p>Internet Explorer: Herramientas -&gt; Opciones de Internet -&gt; Privacidad -&gt; Configuraci\u00f3n. Para m\u00e1s informaci\u00f3n, puede consultar el soporte de Microsoft o la Ayuda del navegador.<\/p>\n\n<p>Firefox: Herramientas -&gt; Opciones -&gt; Privacidad -&gt; Historial -&gt; Configuraci\u00f3n Personalizada. Para m\u00e1s informaci\u00f3n, puede consultar el soporte de Mozilla o la Ayuda del navegador.<\/p>\n\n<p>Chrome: Configuraci\u00f3n -&gt; Mostrar opciones avanzadas -&gt; Privacidad -&gt; Configuraci\u00f3n de contenido. Para m\u00e1s informaci\u00f3n, puede consultar el soporte de Google o la Ayuda del navegador.<\/p>\n\n<p>Safari: Preferencias -&gt; Seguridad. Para m\u00e1s informaci\u00f3n, puede consultar el soporte de Apple o la Ayuda del navegador.<\/p>\n\n<p>\u00bfQu\u00e9 ocurre si se deshabilitan las Cookies?<\/p>\n\n<p>Algunas funcionalidades de los Servicios quedar\u00e1n deshabilitadas como, por ejemplo, permanecer identificado, mantener las compras en el \u00abcarrito de la compra\u00bb, etc.<\/p>\n","protected":false},"excerpt":{"rendered":"<p>DEFINICI\u00d3N DE COOKIES Las cookies son identificadores que enviamos al disco duro de su ordenador a trav\u00e9s de su navegador Web con el fin de que nuestros sistemas puedan reconocer su navegador y ofrecerle ciertos servicios. Esta p\u00e1gina utiliza diferentes tipos de cookies. Algunas cookies son colocadas por servicios de terceros que aparecen en nuestras [&hellip;]<\/p>\n","protected":false},"author":1,"featured_media":0,"parent":0,"menu_order":0,"comment_status":"closed","ping_status":"closed","template":"","meta":{"footnotes":""},"class_list":["post-1368","page","type-page","status-publish","hentry"],"yoast_head":"<!-- This site is optimized with the Yoast SEO plugin v26.3 - https:\/\/yoast.com\/wordpress\/plugins\/seo\/ -->\n<title>Pol\u00edtica de cookies - Bioquim - your reliable CDMO partner<\/title>\n<meta name=\"robots\" content=\"index, follow, max-snippet:-1, max-image-preview:large, max-video-preview:-1\" \/>\n<link rel=\"canonical\" href=\"https:\/\/bioquim.net\/cookies-policy\/\" \/>\n<meta property=\"og:locale\" content=\"es_ES\" \/>\n<meta property=\"og:type\" content=\"article\" \/>\n<meta property=\"og:title\" content=\"Pol\u00edtica de cookies - Bioquim - your reliable CDMO partner\" \/>\n<meta property=\"og:description\" content=\"DEFINICI\u00d3N DE COOKIES Las cookies son identificadores que enviamos al disco duro de su ordenador a trav\u00e9s de su navegador Web con el fin de que nuestros sistemas puedan reconocer su navegador y ofrecerle ciertos servicios. Esta p\u00e1gina utiliza diferentes tipos de cookies. Algunas cookies son colocadas por servicios de terceros que aparecen en nuestras [&hellip;]\" \/>\n<meta property=\"og:url\" content=\"https:\/\/bioquim.net\/cookies-policy\/\" \/>\n<meta property=\"og:site_name\" content=\"Bioquim - your reliable CDMO partner\" \/>\n<meta property=\"article:modified_time\" content=\"2023-12-12T13:11:21+00:00\" \/>\n<meta name=\"twitter:card\" content=\"summary_large_image\" \/>\n<meta name=\"twitter:label1\" content=\"Tiempo de lectura\" \/>\n\t<meta name=\"twitter:data1\" content=\"5 minutos\" \/>\n<script type=\"application\/ld+json\" class=\"yoast-schema-graph\">{\"@context\":\"https:\/\/schema.org\",\"@graph\":[{\"@type\":\"WebPage\",\"@id\":\"https:\/\/bioquim.net\/cookies-policy\/\",\"url\":\"https:\/\/bioquim.net\/cookies-policy\/\",\"name\":\"Pol\u00edtica de cookies - Bioquim - your reliable CDMO partner\",\"isPartOf\":{\"@id\":\"https:\/\/bioquim.net\/#website\"},\"datePublished\":\"2023-07-26T14:52:15+00:00\",\"dateModified\":\"2023-12-12T13:11:21+00:00\",\"breadcrumb\":{\"@id\":\"https:\/\/bioquim.net\/cookies-policy\/#breadcrumb\"},\"inLanguage\":\"es\",\"potentialAction\":[{\"@type\":\"ReadAction\",\"target\":[\"https:\/\/bioquim.net\/cookies-policy\/\"]}]},{\"@type\":\"BreadcrumbList\",\"@id\":\"https:\/\/bioquim.net\/cookies-policy\/#breadcrumb\",\"itemListElement\":[{\"@type\":\"ListItem\",\"position\":1,\"name\":\"Portada\",\"item\":\"https:\/\/bioquim.net\/es\/inicio\/\"},{\"@type\":\"ListItem\",\"position\":2,\"name\":\"Pol\u00edtica de cookies\"}]},{\"@type\":\"WebSite\",\"@id\":\"https:\/\/bioquim.net\/#website\",\"url\":\"https:\/\/bioquim.net\/\",\"name\":\"Bioquim - your reliable CDMO partner\",\"description\":\"\",\"potentialAction\":[{\"@type\":\"SearchAction\",\"target\":{\"@type\":\"EntryPoint\",\"urlTemplate\":\"https:\/\/bioquim.net\/?s={search_term_string}\"},\"query-input\":{\"@type\":\"PropertyValueSpecification\",\"valueRequired\":true,\"valueName\":\"search_term_string\"}}],\"inLanguage\":\"es\"}]}<\/script>\n<!-- \/ Yoast SEO plugin. -->","yoast_head_json":{"title":"Pol\u00edtica de cookies - Bioquim - your reliable CDMO partner","robots":{"index":"index","follow":"follow","max-snippet":"max-snippet:-1","max-image-preview":"max-image-preview:large","max-video-preview":"max-video-preview:-1"},"canonical":"https:\/\/bioquim.net\/cookies-policy\/","og_locale":"es_ES","og_type":"article","og_title":"Pol\u00edtica de cookies - Bioquim - your reliable CDMO partner","og_description":"DEFINICI\u00d3N DE COOKIES Las cookies son identificadores que enviamos al disco duro de su ordenador a trav\u00e9s de su navegador Web con el fin de que nuestros sistemas puedan reconocer su navegador y ofrecerle ciertos servicios. Esta p\u00e1gina utiliza diferentes tipos de cookies. Algunas cookies son colocadas por servicios de terceros que aparecen en nuestras [&hellip;]","og_url":"https:\/\/bioquim.net\/cookies-policy\/","og_site_name":"Bioquim - your reliable CDMO partner","article_modified_time":"2023-12-12T13:11:21+00:00","twitter_card":"summary_large_image","twitter_misc":{"Tiempo de lectura":"5 minutos"},"schema":{"@context":"https:\/\/schema.org","@graph":[{"@type":"WebPage","@id":"https:\/\/bioquim.net\/cookies-policy\/","url":"https:\/\/bioquim.net\/cookies-policy\/","name":"Pol\u00edtica de cookies - Bioquim - your reliable CDMO partner","isPartOf":{"@id":"https:\/\/bioquim.net\/#website"},"datePublished":"2023-07-26T14:52:15+00:00","dateModified":"2023-12-12T13:11:21+00:00","breadcrumb":{"@id":"https:\/\/bioquim.net\/cookies-policy\/#breadcrumb"},"inLanguage":"es","potentialAction":[{"@type":"ReadAction","target":["https:\/\/bioquim.net\/cookies-policy\/"]}]},{"@type":"BreadcrumbList","@id":"https:\/\/bioquim.net\/cookies-policy\/#breadcrumb","itemListElement":[{"@type":"ListItem","position":1,"name":"Portada","item":"https:\/\/bioquim.net\/es\/inicio\/"},{"@type":"ListItem","position":2,"name":"Pol\u00edtica de cookies"}]},{"@type":"WebSite","@id":"https:\/\/bioquim.net\/#website","url":"https:\/\/bioquim.net\/","name":"Bioquim - your reliable CDMO partner","description":"","potentialAction":[{"@type":"SearchAction","target":{"@type":"EntryPoint","urlTemplate":"https:\/\/bioquim.net\/?s={search_term_string}"},"query-input":{"@type":"PropertyValueSpecification","valueRequired":true,"valueName":"search_term_string"}}],"inLanguage":"es"}]}},"_links":{"self":[{"href":"https:\/\/bioquim.net\/es\/wp-json\/wp\/v2\/pages\/1368","targetHints":{"allow":["GET"]}}],"collection":[{"href":"https:\/\/bioquim.net\/es\/wp-json\/wp\/v2\/pages"}],"about":[{"href":"https:\/\/bioquim.net\/es\/wp-json\/wp\/v2\/types\/page"}],"author":[{"embeddable":true,"href":"https:\/\/bioquim.net\/es\/wp-json\/wp\/v2\/users\/1"}],"replies":[{"embeddable":true,"href":"https:\/\/bioquim.net\/es\/wp-json\/wp\/v2\/comments?post=1368"}],"version-history":[{"count":1,"href":"https:\/\/bioquim.net\/es\/wp-json\/wp\/v2\/pages\/1368\/revisions"}],"predecessor-version":[{"id":1373,"href":"https:\/\/bioquim.net\/es\/wp-json\/wp\/v2\/pages\/1368\/revisions\/1373"}],"wp:attachment":[{"href":"https:\/\/bioquim.net\/es\/wp-json\/wp\/v2\/media?parent=1368"}],"curies":[{"name":"wp","href":"https:\/\/api.w.org\/{rel}","templated":true}]}}