{"id":1355,"date":"2023-07-26T14:52:15","date_gmt":"2023-07-26T14:52:15","guid":{"rendered":"https:\/\/bioquim.net\/politica-de-cookies\/"},"modified":"2023-12-12T13:11:16","modified_gmt":"2023-12-12T13:11:16","slug":"politica-de-cookies","status":"publish","type":"page","link":"https:\/\/bioquim.net\/ca\/politica-de-cookies\/","title":{"rendered":"Pol\u00edtica de cookies"},"content":{"rendered":"\n<p>DEFINICI\u00d3 DE COOKIES<\/p>\n\n<p>Les cookies son identificadors que envegem al disc dur del seu ordinador a trav\u00e9s del seu navegador web amb el fin dels nostres sistemes puguin recon\u00e8ixer el seu navegador i oferir-los certs serveis.<\/p>\n\n<p>Aquesta p\u00e0gina utilitza diferents tipus de cookies. Algunas cookies son col\u00b7locades per serveis de tercers que apareixen a les nostres p\u00e0gines.<\/p>\n\n<p>A continuaci\u00f3, indiquem les galetes que utilitzem la p\u00e0gina Nombre<\/p>\n\n<p>COOKIES UTILITZADES<\/p>\n\n<p>Cookies necess\u00e0ries<\/p>\n\n<p>Les galetes necess\u00e0ries ajuden a fer una p\u00e0gina web utilitzable activant funcions b\u00e0siques com la navegaci\u00f3 a la p\u00e0gina i l&#8217;acc\u00e9s a les \u00e0rees segures de la p\u00e0gina web. La p\u00e0gina web no pot funcionar adequadament sense galetes.<\/p>\n\n<p>Nombre Proveedor Prop\u00f3sito Caducidad<\/p>\n\n<p>1P_JAR Google.es Transfer\u00e8ncies de dades a Google. 1 setmana<\/p>\n\n<p>Cookies de prefer\u00e8ncies<\/p>\n\n<p>Les cookies de preferencias permeten a la p\u00e0gina web recordar informaci\u00f3 que canvia la forma a la p\u00e0gina es comporta o l&#8217;aspecte que t\u00e9, com la seva llengua preferida o la regi\u00f3 en la que vost\u00e8 es troba.<\/p>\n\n<p>Nombre Proveedor Prop\u00f3sito Caducidad<\/p>\n\n<p>NID Google.com La cookie NID cont\u00e9 un ID \u00fanic que Google utilitza per recordar les vostres prefer\u00e8ncies i una altra informaci\u00f3, com la vostra llengua preferida (per exemple, l&#8217;espanyol) Permanent<\/p>\n\n<p>Cookies d&#8217;estad\u00edstiques<\/p>\n\n<p>Les galetes estad\u00edstiques ajuden als propietaris de p\u00e0gines web a comprendre com interactuen els visitants amb les p\u00e0gines web reunint i proporcionant informaci\u00f3 de forma an\u00f2nima.<\/p>\n\n<p>Per a deshabilitar les galetes de Google Analytics, pot instal\u00b7lar el Complement d&#8217;habilitaci\u00f3 per als navegadors de Google Analytics que permetr\u00e0 que no calgui informaci\u00f3 estad\u00edstica. T\u00e9 disponible el seg\u00fcent enlla\u00e7: https:\/\/tools.google.com\/dlpage\/gaoptout?hl=es<\/p>\n\n<p>Nombre Proveedor Prop\u00f3sito Caducidad<\/p>\n\n<p>_ga Google Analytics Registreu una identificaci\u00f3 \u00fanica que s&#8217;utilitza per a generar dades estad\u00edstiques sobre com utilitzar el visitant al lloc web durant 2 anys<\/p>\n\n<p>SIDCC Google Analytics Sirve per proveer serveis i extraer informaci\u00f3 an\u00f2nima sobre la navegaci\u00f3. 2 anys<\/p>\n\n<p>SSID Google Maps Per al recuento, per part de Google, el nombre d&#8217;usuari que utilitza els mapes. 6 mesos<\/p>\n\n<p>HSID Google Maps Per al recuento, per part de Google, el n\u00famero d&#8217;usuari que utilitza els mapes. 6 mesos<\/p>\n\n<p>SID Google Maps S&#8217;utilitza per Google per emmagatzemar les prefer\u00e8ncies de l&#8217;usuari i la informaci\u00f3 durant la visualitzaci\u00f3 de les p\u00e0gines amb els mapes de Google en ells. 2 anys<\/p>\n\n<p>APISID Google Maps Son utilitzades per Google per emmagatzemar les prefer\u00e8ncies de l&#8217;usuari i la informaci\u00f3 durant la visualitzaci\u00f3 de les p\u00e0gines amb els mapes de Google en ells. 2 anys<\/p>\n\n<p>SAPISIC Google Maps S&#8217;utilitza per Google per emmagatzemar les prefer\u00e8ncies de l&#8217;usuari i la informaci\u00f3 durant la visualitzaci\u00f3 de les p\u00e0gines amb els mapes de Google en ells. 2 anys<\/p>\n\n<p>Galetes de m\u00e0rqueting<\/p>\n\n<p>Les galetes de m\u00e0rqueting s&#8217;utilitzen per rastrejar els visitants a les p\u00e0gines web. La intenci\u00f3 \u00e9s mostrar anuncis rellevants i atractius per a l&#8217;usuari individual, i per tant, m\u00e9s valiosos per als editors i tercers anunciants.<\/p>\n\n<p>Nombre Proveedor Prop\u00f3sito Caducidad<\/p>\n\n<p>CONSENTIMENT Google.com Milla la publicitat, s&#8217;utilitzar\u00e0 per orientar-se a l&#8217;usuari permanent<\/p>\n\n<p>_Secure-3PAPISID google.com Publicit\u00e0ria. Aquestes galetes s&#8217;utilitzen per lliurar anuncis m\u00e9s rellevants per a vost\u00e8 i els seus interessos durant 2 anys<\/p>\n\n<p>_Secure-3PSID Google.com Publicit\u00e0ria. Aquestes galetes s&#8217;utilitzen per lliurar anuncis m\u00e9s rellevants per a vost\u00e8 i els seus interessos durant 2 anys<\/p>\n\n<p>_Secure-APISID Google.com Publicit\u00e0ria. Aquestes galetes s&#8217;utilitzen per lliurar anuncis m\u00e9s rellevants per a vost\u00e8 i els seus interessos durant 2 anys<\/p>\n\n<p>_Secure-HSID Google.com Publicit\u00e0ria. Aquestes galetes s&#8217;utilitzen per lliurar anuncis m\u00e9s rellevants per a vost\u00e8 i els seus interessos durant 2 anys<\/p>\n\n<p>_Secure-SSID Google.com Publicit\u00e0ria. Aquestes galetes s&#8217;utilitzen per lliurar anuncis m\u00e9s rellevants per a vost\u00e8 i els seus interessos durant 2 anys<\/p>\n\n<p>PREF Youtube.com \u00c9s una cookie que emmagatzema les prefer\u00e8ncies de visualitzaci\u00f3 i cerca de v\u00eddeos de YouTube: idioma preferit, filtre de cerca segura, etc. 2 anys<\/p>\n\n<p>VISITOR_INFO1_LIVE Youtube.com Intenta calcular l&#8217;\u00e0ncora de la banda de l&#8217;usuari en p\u00e0gines amb v\u00eddeos de YouTube integrats. 179 dies<\/p>\n\n<p>YSC Youtube.com Registra una identificaci\u00f3 \u00fanica per mantenir estad\u00edstiques de quins v\u00eddeos de YouTube ha vist l&#8217;usuari. Sessi\u00f3 LOGING_INFO Youtube.com Perteneciente a Youtube.com es carrega als v\u00eddeos de les webs. 2 anys<\/p>\n\n<p>Com habilitar\/deshabilitar les cookies als principals navegadors:<\/p>\n\n<p>Normalment \u00e9s possible acceptar les Cookies del navegador, o deixar acceptar les Cookies d&#8217;un Servei en particular.<\/p>\n\n<p>Tots els navegadors moderns permeten canviar la configuraci\u00f3 de les galetes. Aquests ajustos normalment es troben a les &#8216;opcions&#8217; o &#8216;Prefer\u00e8ncies&#8217; del men\u00fa del seu navegador. Asimisme, pot configurar el seu navegador o el seu gestor de correu electr\u00f2nic.<\/p>\n\n<p>A continuaci\u00f3 s&#8217;ofereix orientaci\u00f3 a l&#8217;usuari sobre els passos per accedir al men\u00fa de configuraci\u00f3 de les cookies i, en el seu cas, de la navegaci\u00f3 privada en cada un dels navegadors principals:<\/p>\n\n<p>Internet Explorer: Herramientas -&gt; Opciones d&#8217;Internet -&gt; Privacitat -&gt; Configuraci\u00f3. Per a m\u00e9s informaci\u00f3, podeu consultar el suport de Microsoft o l&#8217;ajuda del navegador.<\/p>\n\n<p>Firefox: Herramientas -&gt; Opcions -&gt; Privacitat -&gt; Historial -&gt; Configuraci\u00f3 personalitzada. Per a m\u00e9s informaci\u00f3, podeu consultar el suport de Mozilla o l&#8217;ajuda del navegador.<\/p>\n\n<p>Chrome: Configuraci\u00f3 -&gt; Mostra opcions avan\u00e7ades -&gt; Privacitat -&gt; Configuraci\u00f3 de contingut. Per a m\u00e9s informaci\u00f3, podeu consultar el suport de Google o l&#8217;ajuda del navegador.<\/p>\n\n<p>Safari: Prefer\u00e8ncies -&gt; Seguretat. Per a m\u00e9s informaci\u00f3, podeu consultar el suport d&#8217;Apple o l&#8217;ajuda del navegador.<\/p>\n\n<p>Qu\u00e8 passa si es deshabilitan les galetes?<\/p>\n\n<p>Algunas funcionalitats dels serveis quedaran deshabilitades com, per exemple, romandran identificades, mantenir les compres en el \u201ccarrito de la compra\u201d, etc.<\/p>\n","protected":false},"excerpt":{"rendered":"<p>DEFINICI\u00d3 DE COOKIES Les cookies son identificadors que envegem al disc dur del seu ordinador a trav\u00e9s del seu navegador web amb el fin dels nostres sistemes puguin recon\u00e8ixer el seu navegador i oferir-los certs serveis. Aquesta p\u00e0gina utilitza diferents tipus de cookies. Algunas cookies son col\u00b7locades per serveis de tercers que apareixen a les [&hellip;]<\/p>\n","protected":false},"author":1,"featured_media":0,"parent":0,"menu_order":0,"comment_status":"closed","ping_status":"closed","template":"","meta":{"footnotes":""},"class_list":["post-1355","page","type-page","status-publish","hentry"],"yoast_head":"<!-- This site is optimized with the Yoast SEO plugin v26.3 - https:\/\/yoast.com\/wordpress\/plugins\/seo\/ -->\n<title>Pol\u00edtica de cookies - Bioquim - your reliable CDMO partner<\/title>\n<meta name=\"robots\" content=\"index, follow, max-snippet:-1, max-image-preview:large, max-video-preview:-1\" \/>\n<link rel=\"canonical\" href=\"https:\/\/bioquim.net\/cookies-policy\/\" \/>\n<meta property=\"og:locale\" content=\"ca_ES\" \/>\n<meta property=\"og:type\" content=\"article\" \/>\n<meta property=\"og:title\" content=\"Pol\u00edtica de cookies - Bioquim - your reliable CDMO partner\" \/>\n<meta property=\"og:description\" content=\"DEFINICI\u00d3 DE COOKIES Les cookies son identificadors que envegem al disc dur del seu ordinador a trav\u00e9s del seu navegador web amb el fin dels nostres sistemes puguin recon\u00e8ixer el seu navegador i oferir-los certs serveis. Aquesta p\u00e0gina utilitza diferents tipus de cookies. Algunas cookies son col\u00b7locades per serveis de tercers que apareixen a les [&hellip;]\" \/>\n<meta property=\"og:url\" content=\"https:\/\/bioquim.net\/cookies-policy\/\" \/>\n<meta property=\"og:site_name\" content=\"Bioquim - your reliable CDMO partner\" \/>\n<meta property=\"article:modified_time\" content=\"2023-12-12T13:11:16+00:00\" \/>\n<meta name=\"twitter:card\" content=\"summary_large_image\" \/>\n<meta name=\"twitter:label1\" content=\"Temps estimat de lectura\" \/>\n\t<meta name=\"twitter:data1\" content=\"5 minuts\" \/>\n<script type=\"application\/ld+json\" class=\"yoast-schema-graph\">{\"@context\":\"https:\/\/schema.org\",\"@graph\":[{\"@type\":\"WebPage\",\"@id\":\"https:\/\/bioquim.net\/cookies-policy\/\",\"url\":\"https:\/\/bioquim.net\/cookies-policy\/\",\"name\":\"Pol\u00edtica de cookies - Bioquim - your reliable CDMO partner\",\"isPartOf\":{\"@id\":\"https:\/\/bioquim.net\/#website\"},\"datePublished\":\"2023-07-26T14:52:15+00:00\",\"dateModified\":\"2023-12-12T13:11:16+00:00\",\"breadcrumb\":{\"@id\":\"https:\/\/bioquim.net\/cookies-policy\/#breadcrumb\"},\"inLanguage\":\"ca\",\"potentialAction\":[{\"@type\":\"ReadAction\",\"target\":[\"https:\/\/bioquim.net\/cookies-policy\/\"]}]},{\"@type\":\"BreadcrumbList\",\"@id\":\"https:\/\/bioquim.net\/cookies-policy\/#breadcrumb\",\"itemListElement\":[{\"@type\":\"ListItem\",\"position\":1,\"name\":\"Portada\",\"item\":\"https:\/\/bioquim.net\/\"},{\"@type\":\"ListItem\",\"position\":2,\"name\":\"Pol\u00edtica de cookies\"}]},{\"@type\":\"WebSite\",\"@id\":\"https:\/\/bioquim.net\/#website\",\"url\":\"https:\/\/bioquim.net\/\",\"name\":\"Bioquim - your reliable CDMO partner\",\"description\":\"\",\"potentialAction\":[{\"@type\":\"SearchAction\",\"target\":{\"@type\":\"EntryPoint\",\"urlTemplate\":\"https:\/\/bioquim.net\/?s={search_term_string}\"},\"query-input\":{\"@type\":\"PropertyValueSpecification\",\"valueRequired\":true,\"valueName\":\"search_term_string\"}}],\"inLanguage\":\"ca\"}]}<\/script>\n<!-- \/ Yoast SEO plugin. -->","yoast_head_json":{"title":"Pol\u00edtica de cookies - Bioquim - your reliable CDMO partner","robots":{"index":"index","follow":"follow","max-snippet":"max-snippet:-1","max-image-preview":"max-image-preview:large","max-video-preview":"max-video-preview:-1"},"canonical":"https:\/\/bioquim.net\/cookies-policy\/","og_locale":"ca_ES","og_type":"article","og_title":"Pol\u00edtica de cookies - Bioquim - your reliable CDMO partner","og_description":"DEFINICI\u00d3 DE COOKIES Les cookies son identificadors que envegem al disc dur del seu ordinador a trav\u00e9s del seu navegador web amb el fin dels nostres sistemes puguin recon\u00e8ixer el seu navegador i oferir-los certs serveis. Aquesta p\u00e0gina utilitza diferents tipus de cookies. Algunas cookies son col\u00b7locades per serveis de tercers que apareixen a les [&hellip;]","og_url":"https:\/\/bioquim.net\/cookies-policy\/","og_site_name":"Bioquim - your reliable CDMO partner","article_modified_time":"2023-12-12T13:11:16+00:00","twitter_card":"summary_large_image","twitter_misc":{"Temps estimat de lectura":"5 minuts"},"schema":{"@context":"https:\/\/schema.org","@graph":[{"@type":"WebPage","@id":"https:\/\/bioquim.net\/cookies-policy\/","url":"https:\/\/bioquim.net\/cookies-policy\/","name":"Pol\u00edtica de cookies - Bioquim - your reliable CDMO partner","isPartOf":{"@id":"https:\/\/bioquim.net\/#website"},"datePublished":"2023-07-26T14:52:15+00:00","dateModified":"2023-12-12T13:11:16+00:00","breadcrumb":{"@id":"https:\/\/bioquim.net\/cookies-policy\/#breadcrumb"},"inLanguage":"ca","potentialAction":[{"@type":"ReadAction","target":["https:\/\/bioquim.net\/cookies-policy\/"]}]},{"@type":"BreadcrumbList","@id":"https:\/\/bioquim.net\/cookies-policy\/#breadcrumb","itemListElement":[{"@type":"ListItem","position":1,"name":"Portada","item":"https:\/\/bioquim.net\/"},{"@type":"ListItem","position":2,"name":"Pol\u00edtica de cookies"}]},{"@type":"WebSite","@id":"https:\/\/bioquim.net\/#website","url":"https:\/\/bioquim.net\/","name":"Bioquim - your reliable CDMO partner","description":"","potentialAction":[{"@type":"SearchAction","target":{"@type":"EntryPoint","urlTemplate":"https:\/\/bioquim.net\/?s={search_term_string}"},"query-input":{"@type":"PropertyValueSpecification","valueRequired":true,"valueName":"search_term_string"}}],"inLanguage":"ca"}]}},"_links":{"self":[{"href":"https:\/\/bioquim.net\/ca\/wp-json\/wp\/v2\/pages\/1355","targetHints":{"allow":["GET"]}}],"collection":[{"href":"https:\/\/bioquim.net\/ca\/wp-json\/wp\/v2\/pages"}],"about":[{"href":"https:\/\/bioquim.net\/ca\/wp-json\/wp\/v2\/types\/page"}],"author":[{"embeddable":true,"href":"https:\/\/bioquim.net\/ca\/wp-json\/wp\/v2\/users\/1"}],"replies":[{"embeddable":true,"href":"https:\/\/bioquim.net\/ca\/wp-json\/wp\/v2\/comments?post=1355"}],"version-history":[{"count":1,"href":"https:\/\/bioquim.net\/ca\/wp-json\/wp\/v2\/pages\/1355\/revisions"}],"predecessor-version":[{"id":1356,"href":"https:\/\/bioquim.net\/ca\/wp-json\/wp\/v2\/pages\/1355\/revisions\/1356"}],"wp:attachment":[{"href":"https:\/\/bioquim.net\/ca\/wp-json\/wp\/v2\/media?parent=1355"}],"curies":[{"name":"wp","href":"https:\/\/api.w.org\/{rel}","templated":true}]}}